{"id":1609,"date":"2020-08-02T18:35:36","date_gmt":"2020-08-02T18:35:36","guid":{"rendered":"http:\/\/stamariadelrio.edu.co\/?page_id=1609"},"modified":"2021-08-10T21:36:27","modified_gmt":"2021-08-10T21:36:27","slug":"horarios-de-atencion-en-secretaria","status":"publish","type":"page","link":"http:\/\/stamariadelrio.edu.co\/?page_id=1609","title":{"rendered":"HORARIOS DE ATENCI\u00d3N EN SECRETAR\u00cdA"},"content":{"rendered":"<p>Compartimos con ustedes los medios de atenci\u00f3n en secretar\u00eda acad\u00e9mica para\u00a0 las solicitudes de certificados,\u00a0 retiros y otros\u00a0 \u00a0procesos administrativos<\/p>\n<p>Correo electr\u00f3nico: colsantamariadelrio@yahoo.com<\/p>\n<p>Tel\u00e9fonos:\u00a0 317 434 52 45 (Nubia Castellanos)<\/p>\n<h4 style=\"text-align: center;\">HORARIO DE ATENCI\u00d3N: LUNES A VIERNES DE 6:30 a.m. a 2:30 p.m.<\/h4>\n","protected":false},"excerpt":{"rendered":"<p>Compartimos con ustedes los medios de atenci\u00f3n en secretar\u00eda acad\u00e9mica para\u00a0 las solicitudes de certificados,\u00a0 retiros y otros\u00a0 \u00a0procesos administrativos Correo electr\u00f3nico: colsantamariadelrio@yahoo.com Tel\u00e9fonos:\u00a0 317 434 52 45 (Nubia Castellanos) HORARIO DE ATENCI\u00d3N: LUNES A VIERNES DE 6:30 a.m. a 2:30 p.m.<\/p>\n","protected":false},"author":1,"featured_media":0,"parent":0,"menu_order":0,"comment_status":"closed","ping_status":"closed","template":"","meta":{"site-sidebar-layout":"default","site-content-layout":"","ast-site-content-layout":"default","site-content-style":"default","site-sidebar-style":"default","ast-global-header-display":"","ast-banner-title-visibility":"","ast-main-header-display":"","ast-hfb-above-header-display":"","ast-hfb-below-header-display":"","ast-hfb-mobile-header-display":"","site-post-title":"","ast-breadcrumbs-content":"","ast-featured-img":"","footer-sml-layout":"","theme-transparent-header-meta":"","adv-header-id-meta":"","stick-header-meta":"","header-above-stick-meta":"","header-main-stick-meta":"","header-below-stick-meta":"","astra-migrate-meta-layouts":"default","ast-page-background-enabled":"default","ast-page-background-meta":{"desktop":{"background-color":"","background-image":"","background-repeat":"repeat","background-position":"center center","background-size":"auto","background-attachment":"scroll","background-type":"","background-media":"","overlay-type":"","overlay-color":"","overlay-opacity":"","overlay-gradient":""},"tablet":{"background-color":"","background-image":"","background-repeat":"repeat","background-position":"center center","background-size":"auto","background-attachment":"scroll","background-type":"","background-media":"","overlay-type":"","overlay-color":"","overlay-opacity":"","overlay-gradient":""},"mobile":{"background-color":"","background-image":"","background-repeat":"repeat","background-position":"center center","background-size":"auto","background-attachment":"scroll","background-type":"","background-media":"","overlay-type":"","overlay-color":"","overlay-opacity":"","overlay-gradient":""}},"ast-content-background-meta":{"desktop":{"background-color":"var(--ast-global-color-5)","background-image":"","background-repeat":"repeat","background-position":"center center","background-size":"auto","background-attachment":"scroll","background-type":"","background-media":"","overlay-type":"","overlay-color":"","overlay-opacity":"","overlay-gradient":""},"tablet":{"background-color":"var(--ast-global-color-5)","background-image":"","background-repeat":"repeat","background-position":"center center","background-size":"auto","background-attachment":"scroll","background-type":"","background-media":"","overlay-type":"","overlay-color":"","overlay-opacity":"","overlay-gradient":""},"mobile":{"background-color":"var(--ast-global-color-5)","background-image":"","background-repeat":"repeat","background-position":"center center","background-size":"auto","background-attachment":"scroll","background-type":"","background-media":"","overlay-type":"","overlay-color":"","overlay-opacity":"","overlay-gradient":""}},"footnotes":""},"class_list":["post-1609","page","type-page","status-publish","hentry"],"_links":{"self":[{"href":"http:\/\/stamariadelrio.edu.co\/index.php?rest_route=\/wp\/v2\/pages\/1609","targetHints":{"allow":["GET"]}}],"collection":[{"href":"http:\/\/stamariadelrio.edu.co\/index.php?rest_route=\/wp\/v2\/pages"}],"about":[{"href":"http:\/\/stamariadelrio.edu.co\/index.php?rest_route=\/wp\/v2\/types\/page"}],"author":[{"embeddable":true,"href":"http:\/\/stamariadelrio.edu.co\/index.php?rest_route=\/wp\/v2\/users\/1"}],"replies":[{"embeddable":true,"href":"http:\/\/stamariadelrio.edu.co\/index.php?rest_route=%2Fwp%2Fv2%2Fcomments&post=1609"}],"version-history":[{"count":4,"href":"http:\/\/stamariadelrio.edu.co\/index.php?rest_route=\/wp\/v2\/pages\/1609\/revisions"}],"predecessor-version":[{"id":1962,"href":"http:\/\/stamariadelrio.edu.co\/index.php?rest_route=\/wp\/v2\/pages\/1609\/revisions\/1962"}],"wp:attachment":[{"href":"http:\/\/stamariadelrio.edu.co\/index.php?rest_route=%2Fwp%2Fv2%2Fmedia&parent=1609"}],"curies":[{"name":"wp","href":"https:\/\/api.w.org\/{rel}","templated":true}]}}